{"id":17,"date":"2014-04-03T12:53:25","date_gmt":"2014-04-03T12:53:25","guid":{"rendered":"http:\/\/www.proyectosparainternet.com\/clientes\/king-david\/test\/?page_id=17"},"modified":"2014-08-05T02:38:36","modified_gmt":"2014-08-05T02:38:36","slug":"restaurante","status":"publish","type":"page","link":"https:\/\/www.kingdavid.com.ar\/?page_id=17","title":{"rendered":"Restaurante"},"content":{"rendered":"<p>Nuestro restaurante propone una variada\u00a0<strong>carta de cocina nacional e internacional.<\/strong>\u00a0Sugerencias y creaciones del chef para degustar destacadas opciones gastron\u00f3micas en un moderno espacio.<\/p>\n<p>Ubicado en la planta baja del edificio, la vista al exterior y la delicadeza culinaria se traducen en un clima c\u00e1lido y apacible, ideal para sus almuerzos o cenas donde se ofrecen adem\u00e1s alternativas en men\u00faes bajas calor\u00edas y opciones elaboradas especialmente para personas cel\u00edacas y diab\u00e9ticas.<\/p>\n","protected":false},"excerpt":{"rendered":"<p>Nuestro restaurante propone una variada\u00a0carta de cocina nacional e internacional.\u00a0Sugerencias y creaciones del chef para degustar destacadas opciones gastron\u00f3micas en un moderno espacio. Ubicado en la planta baja del edificio, la vista al exterior y la delicadeza culinaria se traducen en un clima c\u00e1lido y apacible, ideal para sus almuerzos o cenas donde se ofrecen [&hellip;]<\/p>\n","protected":false},"author":1,"featured_media":0,"parent":0,"menu_order":0,"comment_status":"open","ping_status":"open","template":"page-restaurante.php","meta":{"footnotes":""},"class_list":["post-17","page","type-page","status-publish","hentry"],"_links":{"self":[{"href":"https:\/\/www.kingdavid.com.ar\/index.php?rest_route=\/wp\/v2\/pages\/17","targetHints":{"allow":["GET"]}}],"collection":[{"href":"https:\/\/www.kingdavid.com.ar\/index.php?rest_route=\/wp\/v2\/pages"}],"about":[{"href":"https:\/\/www.kingdavid.com.ar\/index.php?rest_route=\/wp\/v2\/types\/page"}],"author":[{"embeddable":true,"href":"https:\/\/www.kingdavid.com.ar\/index.php?rest_route=\/wp\/v2\/users\/1"}],"replies":[{"embeddable":true,"href":"https:\/\/www.kingdavid.com.ar\/index.php?rest_route=%2Fwp%2Fv2%2Fcomments&post=17"}],"version-history":[{"count":3,"href":"https:\/\/www.kingdavid.com.ar\/index.php?rest_route=\/wp\/v2\/pages\/17\/revisions"}],"predecessor-version":[{"id":381,"href":"https:\/\/www.kingdavid.com.ar\/index.php?rest_route=\/wp\/v2\/pages\/17\/revisions\/381"}],"wp:attachment":[{"href":"https:\/\/www.kingdavid.com.ar\/index.php?rest_route=%2Fwp%2Fv2%2Fmedia&parent=17"}],"curies":[{"name":"wp","href":"https:\/\/api.w.org\/{rel}","templated":true}]}}