{"id":11,"date":"2014-04-03T12:52:16","date_gmt":"2014-04-03T12:52:16","guid":{"rendered":"http:\/\/www.proyectosparainternet.com\/clientes\/king-david\/test\/?page_id=11"},"modified":"2014-08-12T14:02:34","modified_gmt":"2014-08-12T14:02:34","slug":"hotel","status":"publish","type":"page","link":"https:\/\/www.kingdavid.com.ar\/?page_id=11","title":{"rendered":"Hotel"},"content":{"rendered":"<p><strong>KING DAVID HOTEL<\/strong>\u00a0fue concebido en octubre del 2003 con la premisa de que nuestros hu\u00e9spedes ten\u00edan que disfrutar de un \u00e1mbito donde llevar una\u00a0<strong>reconfortante estad\u00eda.<\/strong>\u00a0En un entorno iluminado, de moderno dise\u00f1o y detalles de calidad.<\/p>\n<p>Eficazmente concretadas nuestras metas, en\u00a0<strong>KING DAVID FLAT HOTEL<\/strong>\u00a0ofrecemos m\u00e1xima seguridad y una amplia gama de servicios y comodidades de excelencia basados en un nuevo concepto en hoteler\u00eda:\u00a0<strong>\u201capart hotel con servicios de hotel\u201d.<\/strong><\/p>\n<p>Hoy,\u00a0<strong>KING DAVID FLAT HOTEL<\/strong>\u00a0recibe a m\u00e1s de 40.000 pasajeros al a\u00f1o y es el lugar elegido por familias, ejecutivos, destacadas personalidades del espect\u00e1culo, la m\u00fasica y el deporte.<\/p>\n","protected":false},"excerpt":{"rendered":"<p>KING DAVID HOTEL\u00a0fue concebido en octubre del 2003 con la premisa de que nuestros hu\u00e9spedes ten\u00edan que disfrutar de un \u00e1mbito donde llevar una\u00a0reconfortante estad\u00eda.\u00a0En un entorno iluminado, de moderno dise\u00f1o y detalles de calidad. Eficazmente concretadas nuestras metas, en\u00a0KING DAVID FLAT HOTEL\u00a0ofrecemos m\u00e1xima seguridad y una amplia gama de servicios y comodidades de excelencia [&hellip;]<\/p>\n","protected":false},"author":1,"featured_media":0,"parent":0,"menu_order":0,"comment_status":"open","ping_status":"open","template":"page-hotel.php","meta":{"footnotes":""},"class_list":["post-11","page","type-page","status-publish","hentry"],"_links":{"self":[{"href":"https:\/\/www.kingdavid.com.ar\/index.php?rest_route=\/wp\/v2\/pages\/11","targetHints":{"allow":["GET"]}}],"collection":[{"href":"https:\/\/www.kingdavid.com.ar\/index.php?rest_route=\/wp\/v2\/pages"}],"about":[{"href":"https:\/\/www.kingdavid.com.ar\/index.php?rest_route=\/wp\/v2\/types\/page"}],"author":[{"embeddable":true,"href":"https:\/\/www.kingdavid.com.ar\/index.php?rest_route=\/wp\/v2\/users\/1"}],"replies":[{"embeddable":true,"href":"https:\/\/www.kingdavid.com.ar\/index.php?rest_route=%2Fwp%2Fv2%2Fcomments&post=11"}],"version-history":[{"count":5,"href":"https:\/\/www.kingdavid.com.ar\/index.php?rest_route=\/wp\/v2\/pages\/11\/revisions"}],"predecessor-version":[{"id":485,"href":"https:\/\/www.kingdavid.com.ar\/index.php?rest_route=\/wp\/v2\/pages\/11\/revisions\/485"}],"wp:attachment":[{"href":"https:\/\/www.kingdavid.com.ar\/index.php?rest_route=%2Fwp%2Fv2%2Fmedia&parent=11"}],"curies":[{"name":"wp","href":"https:\/\/api.w.org\/{rel}","templated":true}]}}